{"id":891,"date":"2016-05-03T10:18:20","date_gmt":"2016-05-03T10:18:20","guid":{"rendered":"http:\/\/themes.opendept.net\/hemma-modern\/?page_id=891"},"modified":"2016-05-03T10:19:20","modified_gmt":"2016-05-03T10:19:20","slug":"la-colazione","status":"publish","type":"page","link":"https:\/\/themes.opendept.net\/hemma-modern\/it\/la-colazione\/","title":{"rendered":"La Colazione"},"content":{"rendered":"<h3>Goditi la nostra Colazione<\/h3>\n<p>La colazione \u00e8 il primo pasto della giornata, il pi\u00f9 delle volte mangiato la mattina presto prima di intraprendere il lavoro della giornata. Alcuni ritengono che sia il pasto pi\u00f9 importante della giornata. Tra gli anglofoni, \u201ccolazione\u201d pu\u00f2 essere utilizzato per riferirsi a questo pasto o per riferirsi a un pasto composto da alimenti di prima colazione tradizionali (come le uova, polenta e salsiccia) serviti in qualsiasi momento della giornata. La parola si riferisce letteralmente a rompere il periodo di digiuno della notte precedente.<\/p>\n<p>Essa ha la sua origine nel costume cristiano del digiuno dal cibo tra il pasto cena di un giorno e ricevere la Santa Comunione la mattina seguente (un digiuno cos\u00ec eucaristica \u00e8 ancora osservata da cristiani ortodossi, ma \u00e8 ridotto a un\u2019ora prima Messa per i cattolici) . Che precedono il desiderio naturale di mangiare \u00e8 stato visto come un atto di abnegazione che onora Dio, rafforzando nel contempo la volont\u00e0 religiosa e la fede del credente.<\/p>\n<div id='gallery-1' class='gallery galleryid-891 gallery-columns-4 gallery-size-medium-square'><figure class='gallery-item'>\n\t\t\t<div class='gallery-icon portrait'>\n\t\t\t\t<a data-size=\"535x713\" href='https:\/\/themes.opendept.net\/hemma-modern\/wp-content\/uploads\/2016\/05\/food-01.jpg'><img loading=\"lazy\" decoding=\"async\" width=\"300\" height=\"300\" src=\"https:\/\/themes.opendept.net\/hemma-modern\/wp-content\/uploads\/2016\/05\/food-01-300x300.jpg\" class=\"attachment-medium-square size-medium-square\" alt=\"Bread\" aria-describedby=\"gallery-1-796\" srcset=\"https:\/\/themes.opendept.net\/hemma-modern\/wp-content\/uploads\/2016\/05\/food-01-300x300.jpg 300w, https:\/\/themes.opendept.net\/hemma-modern\/wp-content\/uploads\/2016\/05\/food-01-150x150.jpg 150w\" sizes=\"(max-width: 300px) 100vw, 300px\" \/><\/a>\n\t\t\t<\/div>\n\t\t\t\t<figcaption class='wp-caption-text gallery-caption' id='gallery-1-796'>\n\t\t\t\tBread and jam\n\t\t\t\t<\/figcaption><\/figure><figure class='gallery-item'>\n\t\t\t<div class='gallery-icon portrait'>\n\t\t\t\t<a data-size=\"535x713\" href='https:\/\/themes.opendept.net\/hemma-modern\/wp-content\/uploads\/2016\/05\/food-02.jpg'><img loading=\"lazy\" decoding=\"async\" width=\"300\" height=\"300\" src=\"https:\/\/themes.opendept.net\/hemma-modern\/wp-content\/uploads\/2016\/05\/food-02-300x300.jpg\" class=\"attachment-medium-square size-medium-square\" alt=\"Homemade cakes\" aria-describedby=\"gallery-1-797\" srcset=\"https:\/\/themes.opendept.net\/hemma-modern\/wp-content\/uploads\/2016\/05\/food-02-300x300.jpg 300w, https:\/\/themes.opendept.net\/hemma-modern\/wp-content\/uploads\/2016\/05\/food-02-150x150.jpg 150w\" sizes=\"(max-width: 300px) 100vw, 300px\" \/><\/a>\n\t\t\t<\/div>\n\t\t\t\t<figcaption class='wp-caption-text gallery-caption' id='gallery-1-797'>\n\t\t\t\tHomemade cakes\n\t\t\t\t<\/figcaption><\/figure><figure class='gallery-item'>\n\t\t\t<div class='gallery-icon portrait'>\n\t\t\t\t<a data-size=\"535x713\" href='https:\/\/themes.opendept.net\/hemma-modern\/wp-content\/uploads\/2016\/05\/food-03.jpg'><img loading=\"lazy\" decoding=\"async\" width=\"300\" height=\"300\" src=\"https:\/\/themes.opendept.net\/hemma-modern\/wp-content\/uploads\/2016\/05\/food-03-300x300.jpg\" class=\"attachment-medium-square size-medium-square\" alt=\"Genuine food\" aria-describedby=\"gallery-1-798\" srcset=\"https:\/\/themes.opendept.net\/hemma-modern\/wp-content\/uploads\/2016\/05\/food-03-300x300.jpg 300w, https:\/\/themes.opendept.net\/hemma-modern\/wp-content\/uploads\/2016\/05\/food-03-150x150.jpg 150w\" sizes=\"(max-width: 300px) 100vw, 300px\" \/><\/a>\n\t\t\t<\/div>\n\t\t\t\t<figcaption class='wp-caption-text gallery-caption' id='gallery-1-798'>\n\t\t\t\tGenuine food\n\t\t\t\t<\/figcaption><\/figure><figure class='gallery-item'>\n\t\t\t<div class='gallery-icon portrait'>\n\t\t\t\t<a data-size=\"535x713\" href='https:\/\/themes.opendept.net\/hemma-modern\/wp-content\/uploads\/2016\/05\/Food-04.jpg'><img loading=\"lazy\" decoding=\"async\" width=\"300\" height=\"300\" src=\"https:\/\/themes.opendept.net\/hemma-modern\/wp-content\/uploads\/2016\/05\/Food-04-300x300.jpg\" class=\"attachment-medium-square size-medium-square\" alt=\"Blueberries\" aria-describedby=\"gallery-1-799\" srcset=\"https:\/\/themes.opendept.net\/hemma-modern\/wp-content\/uploads\/2016\/05\/Food-04-300x300.jpg 300w, https:\/\/themes.opendept.net\/hemma-modern\/wp-content\/uploads\/2016\/05\/Food-04-150x150.jpg 150w\" sizes=\"(max-width: 300px) 100vw, 300px\" \/><\/a>\n\t\t\t<\/div>\n\t\t\t\t<figcaption class='wp-caption-text gallery-caption' id='gallery-1-799'>\n\t\t\t\tBlueberries\n\t\t\t\t<\/figcaption><\/figure>\n\t\t<\/div>\n\n<h4>Credits:\u00a0<a title=\"Jonas Berg Photography\" href=\"http:\/\/www.jonasberg.com\/\">Photo: \u00a9 Jonas Berg<\/a><\/h4>\n<p>Alimenti di prima colazione variano notevolmente da luogo a luogo, ma spesso includono un carboidrato come cereali o cereali, frutta, verdura, un alimento proteico come uova, carne o pesce, e una bevanda come il t\u00e8, caff\u00e8, latte o succo di frutta. Caff\u00e8, latte, t\u00e8, succhi di frutta, cereali per la colazione, frittelle, cialde, salsicce, toast, pancetta, pane zuccherato, frutta fresca, verdure, uova, fagioli al forno, muffin, focaccine e pane tostato con burro, margarina, marmellata sono comuni esempi di alimenti di prima colazione occidentale, anche se una vasta gamma di preparati e gli ingredienti sono associati con la prima colazione a livello globale.<\/p>\n<h4>Ecco cosa troverai<\/h4>\n<ul>\n<li>Pancakes<\/li>\n<li>Waffles<\/li>\n<li>Biscotti<\/li>\n<li>Ciambelle<\/li>\n<li>Croissants<\/li>\n<li>Succo d&#8217;arancia<\/li>\n<li>Caff\u00e8<\/li>\n<li>Latte<\/li>\n<\/ul>\n<p>Alimenti di prima colazione variano notevolmente da luogo a luogo, ma spesso includono un carboidrato come cereali o cereali, frutta, verdura, un alimento proteico come uova, carne o pesce, e una bevanda come il t\u00e8, caff\u00e8, latte o succo di frutta. Caff\u00e8, latte, t\u00e8, succhi di frutta, cereali per la colazione, frittelle, cialde, salsicce, toast, pancetta, pane zuccherato, frutta fresca, verdure, uova, fagioli al forno, muffin, focaccine e pane tostato con burro, margarina, marmellata sono comuni esempi di alimenti di prima colazione occidentale, anche se una vasta gamma di preparati e gli ingredienti sono associati con la prima colazione a livello globale.<\/p>\n","protected":false},"excerpt":{"rendered":"<p>Goditi la nostra Colazione La colazione \u00e8 il primo pasto della giornata, il pi\u00f9 delle volte mangiato la mattina presto prima di intraprendere il lavoro della giornata. Alcuni ritengono che sia il pasto pi\u00f9 importante della giornata. Tra gli anglofoni, \u201ccolazione\u201d pu\u00f2 essere utilizzato per riferirsi a questo pasto o per riferirsi a un pasto [&hellip;]<\/p>\n","protected":false},"author":1,"featured_media":801,"parent":0,"menu_order":0,"comment_status":"closed","ping_status":"closed","template":"template-hero.php","meta":{"footnotes":""},"_links":{"self":[{"href":"https:\/\/themes.opendept.net\/hemma-modern\/wp-json\/wp\/v2\/pages\/891"}],"collection":[{"href":"https:\/\/themes.opendept.net\/hemma-modern\/wp-json\/wp\/v2\/pages"}],"about":[{"href":"https:\/\/themes.opendept.net\/hemma-modern\/wp-json\/wp\/v2\/types\/page"}],"author":[{"embeddable":true,"href":"https:\/\/themes.opendept.net\/hemma-modern\/wp-json\/wp\/v2\/users\/1"}],"replies":[{"embeddable":true,"href":"https:\/\/themes.opendept.net\/hemma-modern\/wp-json\/wp\/v2\/comments?post=891"}],"version-history":[{"count":3,"href":"https:\/\/themes.opendept.net\/hemma-modern\/wp-json\/wp\/v2\/pages\/891\/revisions"}],"predecessor-version":[{"id":894,"href":"https:\/\/themes.opendept.net\/hemma-modern\/wp-json\/wp\/v2\/pages\/891\/revisions\/894"}],"wp:featuredmedia":[{"embeddable":true,"href":"https:\/\/themes.opendept.net\/hemma-modern\/wp-json\/wp\/v2\/media\/801"}],"wp:attachment":[{"href":"https:\/\/themes.opendept.net\/hemma-modern\/wp-json\/wp\/v2\/media?parent=891"}],"curies":[{"name":"wp","href":"https:\/\/api.w.org\/{rel}","templated":true}]}}