{"id":598,"date":"2016-04-12T16:28:45","date_gmt":"2016-04-12T16:28:45","guid":{"rendered":"http:\/\/themes.opendept.net\/hemma-elegant\/?page_id=598"},"modified":"2016-04-26T18:06:31","modified_gmt":"2016-04-26T18:06:31","slug":"sobre-nosotros","status":"publish","type":"page","link":"https:\/\/themes.opendept.net\/hemma-elegant\/es\/sobre-nosotros\/","title":{"rendered":"Sobre Nosotros"},"content":{"rendered":"<h3>Bienvenido a Casa Hemma<\/h3>\n<p>Estancia en nuestro alojamiento de cuatro estrellas junto al lago, si se elige uno de nuestros chalets de registro o un apartamento contempor\u00e1neo, que se ver\u00e1 m\u00e1s impresionantes vistas del valle. Tal vez ir a dar un agradable paseo alrededor del pueblo local, un refrescante ba\u00f1o en el lago muy clara o una caminata de monta\u00f1a o en bicicleta con m\u00e1s energ\u00eda. Tambi\u00e9n puede probar algunos de los deportes acu\u00e1ticos que se ofrecen y despu\u00e9s de todo esto usted no ser\u00e1 capaz de resistir la deliciosa cocina local en uno de los restaurantes locales tradicionales.<\/p>\n<h4>Design credits: <a href=\"http:\/\/www.workshopapd.com\/\" target=\"_blank\">Workshop APD<\/a><\/h4>\n<p>&nbsp;<\/p>\n<h3>Donde estamos<\/h3>\n<p>Somos un camping 40 a luz abierta a caravanas, autocaravanas y tiendas de campa\u00f1a, ubicado dentro del nuevo bosque. Estamos abiertos entre marzo y noviembre. Tenga en cuenta que s\u00f3lo tiene capacidad para veh\u00edculos de hasta 24 pies de largo.<\/p>\n\n\t\t\t<div class=\"map map-shortcode marker-is-light-blue\" data-maplat=\"55.623628\" data-maplon=\"14.131222\" data-mapzoom=\"8\" data-color=\"light\" data-height=\"400\"><\/div>\n<p>&nbsp;<\/p>\n<h3>Cont\u00e1ctenos<\/h3>\n\n<div class=\"wpcf7 no-js\" id=\"wpcf7-f680-o1\" lang=\"en-US\" dir=\"ltr\" data-wpcf7-id=\"680\">\n<div class=\"screen-reader-response\"><p role=\"status\" aria-live=\"polite\" aria-atomic=\"true\"><\/p> <ul><\/ul><\/div>\n<form action=\"\/hemma-elegant\/wp-json\/wp\/v2\/pages\/598#wpcf7-f680-o1\" method=\"post\" class=\"wpcf7-form init\" aria-label=\"Contact form\" novalidate=\"novalidate\" data-status=\"init\">\n<fieldset class=\"hidden-fields-container\"><input type=\"hidden\" name=\"_wpcf7\" value=\"680\" \/><input type=\"hidden\" name=\"_wpcf7_version\" value=\"6.1.3\" \/><input type=\"hidden\" name=\"_wpcf7_locale\" value=\"en_US\" \/><input type=\"hidden\" name=\"_wpcf7_unit_tag\" value=\"wpcf7-f680-o1\" \/><input type=\"hidden\" name=\"_wpcf7_container_post\" value=\"0\" \/><input type=\"hidden\" name=\"_wpcf7_posted_data_hash\" value=\"\" \/>\n<\/fieldset>\n<p><span class=\"wpcf7-form-control-wrap\" data-name=\"your-name\"><input size=\"40\" maxlength=\"400\" class=\"wpcf7-form-control wpcf7-text wpcf7-validates-as-required\" aria-required=\"true\" aria-invalid=\"false\" placeholder=\"Nombre completo\" value=\"\" type=\"text\" name=\"your-name\" \/><\/span>\n<\/p>\n<p><span class=\"wpcf7-form-control-wrap\" data-name=\"your-email\"><input size=\"40\" maxlength=\"400\" class=\"wpcf7-form-control wpcf7-email wpcf7-validates-as-required wpcf7-text wpcf7-validates-as-email\" aria-required=\"true\" aria-invalid=\"false\" placeholder=\"Direcci\u00f3n de correo electr\u00f3nico\" value=\"\" type=\"email\" name=\"your-email\" \/><\/span>\n<\/p>\n<p><span class=\"wpcf7-form-control-wrap\" data-name=\"your-subject\"><input size=\"40\" maxlength=\"400\" class=\"wpcf7-form-control wpcf7-text\" aria-invalid=\"false\" placeholder=\"T\u00edtulo\" value=\"\" type=\"text\" name=\"your-subject\" \/><\/span>\n<\/p>\n<p><span class=\"wpcf7-form-control-wrap\" data-name=\"your-message\"><textarea cols=\"40\" rows=\"10\" maxlength=\"2000\" class=\"wpcf7-form-control wpcf7-textarea\" aria-invalid=\"false\" placeholder=\"No te olvidas que la bondad es todo!\" name=\"your-message\"><\/textarea><\/span>\n<\/p>\n<p><input class=\"wpcf7-form-control wpcf7-submit has-spinner button is-green\" type=\"submit\" value=\"Enviar Mensaje\" \/>\n<\/p><div class=\"wpcf7-response-output\" aria-hidden=\"true\"><\/div>\n<\/form>\n<\/div>\n\n","protected":false},"excerpt":{"rendered":"<p>Bienvenido a Casa Hemma Estancia en nuestro alojamiento de cuatro estrellas junto al lago, si se elige uno de nuestros chalets de registro o un apartamento contempor\u00e1neo, que se ver\u00e1 m\u00e1s impresionantes vistas del valle. Tal vez ir a dar un agradable paseo alrededor del pueblo local, un refrescante ba\u00f1o en el lago muy clara [&hellip;]<\/p>\n","protected":false},"author":1,"featured_media":315,"parent":0,"menu_order":0,"comment_status":"closed","ping_status":"closed","template":"template-hero.php","meta":{"footnotes":""},"class_list":["post-598","page","type-page","status-publish","has-post-thumbnail","hentry"],"_links":{"self":[{"href":"https:\/\/themes.opendept.net\/hemma-elegant\/wp-json\/wp\/v2\/pages\/598","targetHints":{"allow":["GET"]}}],"collection":[{"href":"https:\/\/themes.opendept.net\/hemma-elegant\/wp-json\/wp\/v2\/pages"}],"about":[{"href":"https:\/\/themes.opendept.net\/hemma-elegant\/wp-json\/wp\/v2\/types\/page"}],"author":[{"embeddable":true,"href":"https:\/\/themes.opendept.net\/hemma-elegant\/wp-json\/wp\/v2\/users\/1"}],"replies":[{"embeddable":true,"href":"https:\/\/themes.opendept.net\/hemma-elegant\/wp-json\/wp\/v2\/comments?post=598"}],"version-history":[{"count":0,"href":"https:\/\/themes.opendept.net\/hemma-elegant\/wp-json\/wp\/v2\/pages\/598\/revisions"}],"wp:featuredmedia":[{"embeddable":true,"href":"https:\/\/themes.opendept.net\/hemma-elegant\/wp-json\/wp\/v2\/media\/315"}],"wp:attachment":[{"href":"https:\/\/themes.opendept.net\/hemma-elegant\/wp-json\/wp\/v2\/media?parent=598"}],"curies":[{"name":"wp","href":"https:\/\/api.w.org\/{rel}","templated":true}]}}