{"id":597,"date":"2016-04-12T16:28:45","date_gmt":"2016-04-12T16:28:45","guid":{"rendered":"http:\/\/themes.opendept.net\/hemma-elegant\/?page_id=597"},"modified":"2016-04-26T18:04:45","modified_gmt":"2016-04-26T18:04:45","slug":"a-propos-de-nous","status":"publish","type":"page","link":"https:\/\/themes.opendept.net\/hemma-elegant\/fr\/a-propos-de-nous\/","title":{"rendered":"\u00c0 propos de Nous"},"content":{"rendered":"<h3>Bienvenue \u00e0 Hemma Maison<\/h3>\n<p>S\u00e9journez dans nos quatre \u00e9toiles situ\u00e9 au bord du lac, si vous choisissez un de nos chalets de bois rond ou un appartement contemporain, vous aurez l&#8217;air sur une vue imprenable sur la vall\u00e9e. Peut-\u00eatre aller pour une promenade autour du village local, une baignade rafra\u00eechissante dans le lac magnifiquement clair ou un tour plus \u00e9nergique de promenade en montagne ou \u00e0 v\u00e9lo. Vous pouvez \u00e9galement essayer quelques-uns des sports nautiques propos\u00e9s et apr\u00e8s tout cela vous ne serez pas en mesure de r\u00e9sister \u00e0 la d\u00e9licieuse cuisine locale dans l&#8217;un des restaurants locaux traditionnels.<\/p>\n<h4>Design credits: <a href=\"http:\/\/www.workshopapd.com\/\" target=\"_blank\">Workshop APD<\/a><\/h4>\n<p>&nbsp;<\/p>\n<h3>\u00c9tions-nous<\/h3>\n<p>Nous sommes un camping de 40 naissance ouvert aux caravanes, camping-cars et tentes, situ\u00e9 dans la pittoresque Nouvelle for\u00eat. Nous sommes ouverts entre Mars et Novembre. S&#8217;il vous pla\u00eet noter que nous ne pouvons accueillir les v\u00e9hicules jusqu&#8217;\u00e0 24 &#8216;de longueur.<\/p>\n\n\t\t\t<div class=\"map map-shortcode marker-is-light-blue\" data-maplat=\"55.623628\" data-maplon=\"14.131222\" data-mapzoom=\"8\" data-color=\"light\" data-height=\"400\"><\/div>\n<p>&nbsp;<\/p>\n<h3>Contactez nous<\/h3>\n\n<div class=\"wpcf7 no-js\" id=\"wpcf7-f677-o1\" lang=\"en-US\" dir=\"ltr\" data-wpcf7-id=\"677\">\n<div class=\"screen-reader-response\"><p role=\"status\" aria-live=\"polite\" aria-atomic=\"true\"><\/p> <ul><\/ul><\/div>\n<form action=\"\/hemma-elegant\/wp-json\/wp\/v2\/pages\/597#wpcf7-f677-o1\" method=\"post\" class=\"wpcf7-form init\" aria-label=\"Contact form\" novalidate=\"novalidate\" data-status=\"init\">\n<fieldset class=\"hidden-fields-container\"><input type=\"hidden\" name=\"_wpcf7\" value=\"677\" \/><input type=\"hidden\" name=\"_wpcf7_version\" value=\"6.1.3\" \/><input type=\"hidden\" name=\"_wpcf7_locale\" value=\"en_US\" \/><input type=\"hidden\" name=\"_wpcf7_unit_tag\" value=\"wpcf7-f677-o1\" \/><input type=\"hidden\" name=\"_wpcf7_container_post\" value=\"0\" \/><input type=\"hidden\" name=\"_wpcf7_posted_data_hash\" value=\"\" \/>\n<\/fieldset>\n<p><span class=\"wpcf7-form-control-wrap\" data-name=\"your-name\"><input size=\"40\" maxlength=\"400\" class=\"wpcf7-form-control wpcf7-text wpcf7-validates-as-required\" aria-required=\"true\" aria-invalid=\"false\" placeholder=\"Nom complet\" value=\"\" type=\"text\" name=\"your-name\" \/><\/span>\n<\/p>\n<p><span class=\"wpcf7-form-control-wrap\" data-name=\"your-email\"><input size=\"40\" maxlength=\"400\" class=\"wpcf7-form-control wpcf7-email wpcf7-validates-as-required wpcf7-text wpcf7-validates-as-email\" aria-required=\"true\" aria-invalid=\"false\" placeholder=\"Adresse e-mail\" value=\"\" type=\"email\" name=\"your-email\" \/><\/span>\n<\/p>\n<p><span class=\"wpcf7-form-control-wrap\" data-name=\"your-subject\"><input size=\"40\" maxlength=\"400\" class=\"wpcf7-form-control wpcf7-text\" aria-invalid=\"false\" placeholder=\"Titre\" value=\"\" type=\"text\" name=\"your-subject\" \/><\/span>\n<\/p>\n<p><span class=\"wpcf7-form-control-wrap\" data-name=\"your-message\"><textarea cols=\"40\" rows=\"10\" maxlength=\"2000\" class=\"wpcf7-form-control wpcf7-textarea\" aria-invalid=\"false\" placeholder=\"Ne pas oublier que la bont\u00e9 est tout!\" name=\"your-message\"><\/textarea><\/span>\n<\/p>\n<p><input class=\"wpcf7-form-control wpcf7-submit has-spinner button is-green\" type=\"submit\" value=\"Envoyer message\" \/>\n<\/p><div class=\"wpcf7-response-output\" aria-hidden=\"true\"><\/div>\n<\/form>\n<\/div>\n\n<h3><\/h3>\n","protected":false},"excerpt":{"rendered":"<p>Bienvenue \u00e0 Hemma Maison S\u00e9journez dans nos quatre \u00e9toiles situ\u00e9 au bord du lac, si vous choisissez un de nos chalets de bois rond ou un appartement contemporain, vous aurez l&#8217;air sur une vue imprenable sur la vall\u00e9e. Peut-\u00eatre aller pour une promenade autour du village local, une baignade rafra\u00eechissante dans le lac magnifiquement clair [&hellip;]<\/p>\n","protected":false},"author":1,"featured_media":315,"parent":0,"menu_order":0,"comment_status":"closed","ping_status":"closed","template":"template-hero.php","meta":{"footnotes":""},"class_list":["post-597","page","type-page","status-publish","has-post-thumbnail","hentry"],"_links":{"self":[{"href":"https:\/\/themes.opendept.net\/hemma-elegant\/wp-json\/wp\/v2\/pages\/597","targetHints":{"allow":["GET"]}}],"collection":[{"href":"https:\/\/themes.opendept.net\/hemma-elegant\/wp-json\/wp\/v2\/pages"}],"about":[{"href":"https:\/\/themes.opendept.net\/hemma-elegant\/wp-json\/wp\/v2\/types\/page"}],"author":[{"embeddable":true,"href":"https:\/\/themes.opendept.net\/hemma-elegant\/wp-json\/wp\/v2\/users\/1"}],"replies":[{"embeddable":true,"href":"https:\/\/themes.opendept.net\/hemma-elegant\/wp-json\/wp\/v2\/comments?post=597"}],"version-history":[{"count":0,"href":"https:\/\/themes.opendept.net\/hemma-elegant\/wp-json\/wp\/v2\/pages\/597\/revisions"}],"wp:featuredmedia":[{"embeddable":true,"href":"https:\/\/themes.opendept.net\/hemma-elegant\/wp-json\/wp\/v2\/media\/315"}],"wp:attachment":[{"href":"https:\/\/themes.opendept.net\/hemma-elegant\/wp-json\/wp\/v2\/media?parent=597"}],"curies":[{"name":"wp","href":"https:\/\/api.w.org\/{rel}","templated":true}]}}